{"id":38,"date":"2021-02-24T21:21:27","date_gmt":"2021-02-24T20:21:27","guid":{"rendered":"http:\/\/troisquartbrut.org\/?page_id=38"},"modified":"2026-02-02T19:41:27","modified_gmt":"2026-02-02T18:41:27","slug":"de-lart-brut","status":"publish","type":"page","link":"https:\/\/troisquartbrut.org\/index.php\/de-lart-brut\/","title":{"rendered":"L&#8217;ASSOCIATION"},"content":{"rendered":"\n<p>Dans la continuit\u00e9 de mes \u00e9tudes sur la cr\u00e9ativit\u00e9, j\u2019ai lanc\u00e9 3\/4 BRUT, une association bas\u00e9e sur Lyon qui anime des ateliers, propose des formations et poursuit un travail de recherche.<\/p>\n\n\n\n<p>Les ateliers de cr\u00e9ation s\u2019adaptent aux besoins de l\u2019institution\u00a0: de l\u2019atelier de prise en main d\u2019une technique artisanale, au cycle de s\u00e9ances construites en vue d\u2019une forme finale. Mon approche est libre et exp\u00e9rimentale. On s\u2019essaye \u00e0 la gravure, \u00e0 l\u2019\u00e9criture, au nail art, \u00e0 la peinture, aux collages, aux p\u00e2tes ferment\u00e9es, aux assemblages d\u2019amulettes, aux pi\u00e8ces sonores, \u00e0 la broderie, \u2026 et on se saisit de ce qui se passe\u00a0!<\/p>\n\n\n\n<p>Enseignant et formateur depuis plus de dix ans dans des cursus d\u2019art th\u00e9rapie, notamment dans le DU CAAMA (Conception\/Animation d\u2019Ateliers \u00e0 M\u00e9diation Artistique, Lyon 2), je donne des cours sur les processus cr\u00e9atifs, l\u2019histoire de l\u2019art autodidacte, la construction d\u2019ateliers \u00e0 vis\u00e9e ludique, participative ou soignante.<\/p>\n\n\n\n<p>Avec 3\/4 BRUT je d\u00e9veloppe \u00e9galement une recherche sur les cr\u00e9ativit\u00e9s contemporaines et leurs liens au soin, aux luttes sociales et \u00e9cologiques, \u00e0 la technologie. Cette r\u00e9flexion poursuit les id\u00e9es que j\u2019ai travaill\u00e9 lors de ma th\u00e8se d\u2019esth\u00e9tique, port\u00e9e par des laboratoires universitaires de philosophie (IrPhil) et de sciences humaines (Litt&amp;Arts), que j\u2019ai soutenue en 2019, consultable <a href=\"https:\/\/theses.fr\/2019LYSE3046\">ici<\/a>.<\/p>\n","protected":false},"excerpt":{"rendered":"<p>Dans la continuit\u00e9 de mes \u00e9tudes sur la cr\u00e9ativit\u00e9, j\u2019ai lanc\u00e9 3\/4 BRUT, une association bas\u00e9e sur Lyon qui anime des ateliers, propose des formations et poursuit un travail de recherche. Les ateliers de cr\u00e9ation s\u2019adaptent aux besoins de l\u2019institution\u00a0: de l\u2019atelier de prise en main d\u2019une technique artisanale, au cycle de s\u00e9ances construites en<\/p>\n<div><a class=\"btn-filled btn\" href=\"https:\/\/troisquartbrut.org\/index.php\/de-lart-brut\/\" title=\"L&#8217;ASSOCIATION\">Read More<\/a><\/div>\n","protected":false},"author":1,"featured_media":0,"parent":0,"menu_order":0,"comment_status":"closed","ping_status":"closed","template":"page-templates\/no-sidebar.php","meta":[],"_links":{"self":[{"href":"https:\/\/troisquartbrut.org\/index.php\/wp-json\/wp\/v2\/pages\/38"}],"collection":[{"href":"https:\/\/troisquartbrut.org\/index.php\/wp-json\/wp\/v2\/pages"}],"about":[{"href":"https:\/\/troisquartbrut.org\/index.php\/wp-json\/wp\/v2\/types\/page"}],"author":[{"embeddable":true,"href":"https:\/\/troisquartbrut.org\/index.php\/wp-json\/wp\/v2\/users\/1"}],"replies":[{"embeddable":true,"href":"https:\/\/troisquartbrut.org\/index.php\/wp-json\/wp\/v2\/comments?post=38"}],"version-history":[{"count":10,"href":"https:\/\/troisquartbrut.org\/index.php\/wp-json\/wp\/v2\/pages\/38\/revisions"}],"predecessor-version":[{"id":179,"href":"https:\/\/troisquartbrut.org\/index.php\/wp-json\/wp\/v2\/pages\/38\/revisions\/179"}],"wp:attachment":[{"href":"https:\/\/troisquartbrut.org\/index.php\/wp-json\/wp\/v2\/media?parent=38"}],"curies":[{"name":"wp","href":"https:\/\/api.w.org\/{rel}","templated":true}]}}