{"id":39,"date":"2021-02-24T21:21:27","date_gmt":"2021-02-24T20:21:27","guid":{"rendered":"http:\/\/troisquartbrut.org\/?page_id=39"},"modified":"2026-02-16T20:37:40","modified_gmt":"2026-02-16T19:37:40","slug":"nos-ateliers","status":"publish","type":"page","link":"https:\/\/troisquartbrut.org\/index.php\/nos-ateliers\/","title":{"rendered":"3\/4 BRUT DE QUOI ?"},"content":{"rendered":"\n<p>L\u2019artiste Jean Dubuffet a appel\u00e9 \u00ab&nbsp;art brut&nbsp;\u00bb des \u0153uvres qu\u2019il collectionnait \u00e0 partir de 1945, souvent faites par des personnes autodidactes et marginales. Il r\u00eavait d\u2019un art solitaire, sans influence ext\u00e9rieure, r\u00e9alis\u00e9 de mani\u00e8re spontan\u00e9e. Tr\u00e8s t\u00f4t cet id\u00e9al est critiqu\u00e9 par un jeune artiste autodidacte, Gaston Chaissac, qui lui demandait&nbsp;: \u00ab Ne pourriez-vous pas parler d&#8217;un art demi brut, d&#8217;un art trois quarts brut, d&#8217;un art un quart brut ? \u00bb.<\/p>\n\n\n\n<p>Parler d\u2019art \u00e0 3\/4 BRUT, c\u2019est faire le pari que chaque personne a un.e artiste solitaire en soi, qui peut cr\u00e9er \u00e0 partir de ses propres mouvements, de son monde singulier, de ce qui la traverse en ce moment. Les ateliers de l\u2019association sont imagin\u00e9s pour d\u00e9couvrir ces forces cr\u00e9atives, et trouver du jeu dans les formes qui en \u00e9mergent.<\/p>\n\n\n\n<p>L\u2019art brut n\u2019est peut-\u00eatre pas une cat\u00e9gorie artistique coh\u00e9rente, mais c\u2019est une formidable source documentaire pour questionner et encourager la cr\u00e9ativit\u00e9 partout o\u00f9 elle se trouve\u00a0: dans les marges du cahier, dans les arts singuliers, les jardins fantasques, les constellations mentales, les chants exp\u00e9rimentaux, l\u2019\u00e9criture de ses r\u00eaves, etc. Mon enqu\u00eate universitaire a permis de d\u00e9couvrir de nombreuses pratiques et biographies d\u2019autodidactes, ainsi que de nombreux sites apparent\u00e9s \u00e0 l\u2019art brut dans la r\u00e9gion Auvergne-Rh\u00f4ne-Alpes. Ce sont ces d\u00e9couvertes qui nourrissent les propositions d\u2019animation culturelle de l\u2019association, sous <em>influence brute<\/em>.<\/p>\n\n\n\n<figure class=\"wp-block-image size-large\"><img loading=\"lazy\" width=\"523\" height=\"330\" src=\"https:\/\/troisquartbrut.org\/wp-content\/uploads\/2026\/02\/098df9db-0c58-405e-b972-24b8bfe6c5ed_570.jpeg\" alt=\"\" class=\"wp-image-195\" srcset=\"https:\/\/troisquartbrut.org\/wp-content\/uploads\/2026\/02\/098df9db-0c58-405e-b972-24b8bfe6c5ed_570.jpeg 523w, https:\/\/troisquartbrut.org\/wp-content\/uploads\/2026\/02\/098df9db-0c58-405e-b972-24b8bfe6c5ed_570-300x189.jpeg 300w, https:\/\/troisquartbrut.org\/wp-content\/uploads\/2026\/02\/098df9db-0c58-405e-b972-24b8bfe6c5ed_570-184x116.jpeg 184w\" sizes=\"(max-width: 523px) 100vw, 523px\" \/><figcaption>Gaston Chaissac, Composition avec visages<\/figcaption><\/figure>\n","protected":false},"excerpt":{"rendered":"<p>L\u2019artiste Jean Dubuffet a appel\u00e9 \u00ab&nbsp;art brut&nbsp;\u00bb des \u0153uvres qu\u2019il collectionnait \u00e0 partir de 1945, souvent faites par des personnes autodidactes et marginales. Il r\u00eavait d\u2019un art solitaire, sans influence ext\u00e9rieure, r\u00e9alis\u00e9 de mani\u00e8re spontan\u00e9e. Tr\u00e8s t\u00f4t cet id\u00e9al est critiqu\u00e9 par un jeune artiste autodidacte, Gaston Chaissac, qui lui demandait&nbsp;: \u00ab Ne pourriez-vous pas<\/p>\n<div><a class=\"btn-filled btn\" href=\"https:\/\/troisquartbrut.org\/index.php\/nos-ateliers\/\" title=\"3\/4 BRUT DE QUOI ?\">Read More<\/a><\/div>\n","protected":false},"author":1,"featured_media":0,"parent":0,"menu_order":0,"comment_status":"closed","ping_status":"closed","template":"page-templates\/no-sidebar.php","meta":[],"_links":{"self":[{"href":"https:\/\/troisquartbrut.org\/index.php\/wp-json\/wp\/v2\/pages\/39"}],"collection":[{"href":"https:\/\/troisquartbrut.org\/index.php\/wp-json\/wp\/v2\/pages"}],"about":[{"href":"https:\/\/troisquartbrut.org\/index.php\/wp-json\/wp\/v2\/types\/page"}],"author":[{"embeddable":true,"href":"https:\/\/troisquartbrut.org\/index.php\/wp-json\/wp\/v2\/users\/1"}],"replies":[{"embeddable":true,"href":"https:\/\/troisquartbrut.org\/index.php\/wp-json\/wp\/v2\/comments?post=39"}],"version-history":[{"count":9,"href":"https:\/\/troisquartbrut.org\/index.php\/wp-json\/wp\/v2\/pages\/39\/revisions"}],"predecessor-version":[{"id":196,"href":"https:\/\/troisquartbrut.org\/index.php\/wp-json\/wp\/v2\/pages\/39\/revisions\/196"}],"wp:attachment":[{"href":"https:\/\/troisquartbrut.org\/index.php\/wp-json\/wp\/v2\/media?parent=39"}],"curies":[{"name":"wp","href":"https:\/\/api.w.org\/{rel}","templated":true}]}}