{"id":40,"date":"2021-02-24T21:21:27","date_gmt":"2021-02-24T20:21:27","guid":{"rendered":"http:\/\/troisquartbrut.org\/?page_id=40"},"modified":"2026-02-16T20:39:23","modified_gmt":"2026-02-16T19:39:23","slug":"les-realisations","status":"publish","type":"page","link":"https:\/\/troisquartbrut.org\/index.php\/les-realisations\/","title":{"rendered":"COLLABORATIONS"},"content":{"rendered":"\n<p class=\"has-text-align-left\">Depuis 2021, 3\/4 BRUT a travaill\u00e9 avec des R\u00e9sidences d\u2019accueil SMC (Sant\u00e9 Mentale &amp; Communaut\u00e9s) ORLOGES (Villeurbanne et Cr\u00e9pieux la pape), l\u2019H\u00f4pital de jour Ado (ATICA Vienne, Fondation Georges Boissel), la MECS Apprentis d\u2019Auteuil (Caluire), la Chaire de recherche Valeur(s) du Soin (Universit\u00e9 Lyon 3 &amp; UCB), le Festival FEU (MJC Duch\u00e8re), le Crefad Loire (St \u00c9tienne), l\u2019UNIL (Universit\u00e9 de Lausanne), le lieu de r\u00e9sidence internationale Utopiana (Gen\u00e8ve), l\u2019Association Langues comme Une (Lyon), L\u2019atelier associatif Le Cyclub (Villeurbanne), l\u2019incubateur Pulsalys (Lyon &amp; St \u00c9tienne).<\/p>\n\n\n\n<figure class=\"wp-block-image size-large\"><img loading=\"lazy\" width=\"800\" height=\"800\" src=\"http:\/\/troisquartbrut.org\/wp-content\/uploads\/2026\/02\/env_greaves-1.jpg\" alt=\"\" class=\"wp-image-197\" srcset=\"https:\/\/troisquartbrut.org\/wp-content\/uploads\/2026\/02\/env_greaves-1.jpg 800w, https:\/\/troisquartbrut.org\/wp-content\/uploads\/2026\/02\/env_greaves-1-300x300.jpg 300w, https:\/\/troisquartbrut.org\/wp-content\/uploads\/2026\/02\/env_greaves-1-150x150.jpg 150w, https:\/\/troisquartbrut.org\/wp-content\/uploads\/2026\/02\/env_greaves-1-768x768.jpg 768w, https:\/\/troisquartbrut.org\/wp-content\/uploads\/2026\/02\/env_greaves-1-116x116.jpg 116w\" sizes=\"(max-width: 800px) 100vw, 800px\" \/><figcaption>Anarchitecture de Richard Greaves, photo Mario del Curto<\/figcaption><\/figure>\n","protected":false},"excerpt":{"rendered":"<p>Depuis 2021, 3\/4 BRUT a travaill\u00e9 avec des R\u00e9sidences d\u2019accueil SMC (Sant\u00e9 Mentale &amp; Communaut\u00e9s) ORLOGES (Villeurbanne et Cr\u00e9pieux la pape), l\u2019H\u00f4pital de jour Ado (ATICA Vienne, Fondation Georges Boissel), la MECS Apprentis d\u2019Auteuil (Caluire), la Chaire de recherche Valeur(s) du Soin (Universit\u00e9 Lyon 3 &amp; UCB), le Festival FEU (MJC Duch\u00e8re), le Crefad Loire<\/p>\n<div><a class=\"btn-filled btn\" href=\"https:\/\/troisquartbrut.org\/index.php\/les-realisations\/\" title=\"COLLABORATIONS\">Read More<\/a><\/div>\n","protected":false},"author":1,"featured_media":0,"parent":0,"menu_order":0,"comment_status":"closed","ping_status":"closed","template":"page-templates\/no-sidebar.php","meta":[],"_links":{"self":[{"href":"https:\/\/troisquartbrut.org\/index.php\/wp-json\/wp\/v2\/pages\/40"}],"collection":[{"href":"https:\/\/troisquartbrut.org\/index.php\/wp-json\/wp\/v2\/pages"}],"about":[{"href":"https:\/\/troisquartbrut.org\/index.php\/wp-json\/wp\/v2\/types\/page"}],"author":[{"embeddable":true,"href":"https:\/\/troisquartbrut.org\/index.php\/wp-json\/wp\/v2\/users\/1"}],"replies":[{"embeddable":true,"href":"https:\/\/troisquartbrut.org\/index.php\/wp-json\/wp\/v2\/comments?post=40"}],"version-history":[{"count":5,"href":"https:\/\/troisquartbrut.org\/index.php\/wp-json\/wp\/v2\/pages\/40\/revisions"}],"predecessor-version":[{"id":198,"href":"https:\/\/troisquartbrut.org\/index.php\/wp-json\/wp\/v2\/pages\/40\/revisions\/198"}],"wp:attachment":[{"href":"https:\/\/troisquartbrut.org\/index.php\/wp-json\/wp\/v2\/media?parent=40"}],"curies":[{"name":"wp","href":"https:\/\/api.w.org\/{rel}","templated":true}]}}